{"id":8,"date":"2026-01-06T10:47:06","date_gmt":"2026-01-06T10:47:06","guid":{"rendered":"http:\/\/www.emiliepinelcaron.com\/?page_id=8"},"modified":"2026-01-28T18:54:21","modified_gmt":"2026-01-28T18:54:21","slug":"ma-resilience-invincible-patiente","status":"publish","type":"page","link":"https:\/\/www.emiliepinelcaron.com\/","title":{"rendered":"Ma r\u00e9silience face \u00e0 l&rsquo;invincible"},"content":{"rendered":"\n<div class=\"wp-block-group alignwide\"><div class=\"wp-block-group__inner-container is-layout-flow wp-block-group-is-layout-flow\">\n<h2 class=\"wp-block-heading has-text-align-center\">R\u00e9siliente &amp; invincible<\/h2>\n<\/div><\/div>\n\n\n\n<p class=\"has-drop-cap\">Alors qu&rsquo;on m&rsquo;annon\u00e7ait un diagnostic des plus sombres en 2023, la vie en a d\u00e9cid\u00e9 autrement. Ce cancer du cerveau agressif et incurable \u00e0 ce jour ne laissait aucune place \u00e0 l&rsquo;insouciance&#8230; Je suis pourtant rest\u00e9e debout et les mois et ann\u00e9es d\u00e9filent comme pour d\u00e9fier les statistiques. <br>Suis-je une anomalie, une outlier* ? <br>Voil\u00e0 que le diagnostic d&rsquo;un cancer du sein tombe deux ans et demi plus tard, comme pour confirmer que d\u00e9sormais ma vie de r\u00e9siliente sera vou\u00e9e au partage de mon v\u00e9cu exp\u00e9rientiel de patiente et \u00e0 la sensibilisation.<\/p>\n\n\n\n<div class=\"wp-block-group alignwide\"><div class=\"wp-block-group__inner-container is-layout-flow wp-block-group-is-layout-flow\">\n<h2 class=\"wp-block-heading has-text-align-center\">Donner du sens  &amp; de l&rsquo;espoir<\/h2>\n\n\n\n<p>Patiente engag\u00e9e, je partage aujourd\u2019hui mon v\u00e9cu pour rompre le silence, mettre des mots sur l\u2019indicible, parler de l&rsquo;invisible et redonner une place centrale \u00e0 l\u2019humain. <\/p>\n\n\n\n<p>\u00c0 travers mes interventions, je transforme mon \u00e9preuve intime en ressource collective, pour aider chacun.e \u2013 patient.es, proches et professionnel.le.s \u2013 \u00e0 mieux comprendre, mieux accompagner et mieux vivre avec la maladie. <\/p>\n\n\n\n<p><\/p>\n<\/div><\/div>\n\n\n\n<div class=\"wp-block-columns alignwide is-layout-flex wp-container-core-columns-is-layout-9d6595d7 wp-block-columns-is-layout-flex\">\n<div class=\"wp-block-column is-layout-flow wp-block-column-is-layout-flow\">\n<div class=\"wp-block-group\"><div class=\"wp-block-group__inner-container is-layout-flow wp-block-group-is-layout-flow\"><div class=\"wp-block-image\">\n<figure class=\"aligncenter size-full is-resized\"><img loading=\"lazy\" decoding=\"async\" width=\"2308\" height=\"2308\" src=\"https:\/\/www.emiliepinelcaron.com\/wp-content\/uploads\/2026\/01\/Emilie-CARON-PINE-Art6sens-07-edited.jpg\" alt=\"\" class=\"wp-image-289\" style=\"aspect-ratio:1;object-fit:cover;width:300px\" srcset=\"https:\/\/www.emiliepinelcaron.com\/wp-content\/uploads\/2026\/01\/Emilie-CARON-PINE-Art6sens-07-edited.jpg 2308w, https:\/\/www.emiliepinelcaron.com\/wp-content\/uploads\/2026\/01\/Emilie-CARON-PINE-Art6sens-07-edited-300x300.jpg 300w, https:\/\/www.emiliepinelcaron.com\/wp-content\/uploads\/2026\/01\/Emilie-CARON-PINE-Art6sens-07-edited-1024x1024.jpg 1024w, https:\/\/www.emiliepinelcaron.com\/wp-content\/uploads\/2026\/01\/Emilie-CARON-PINE-Art6sens-07-edited-150x150.jpg 150w, https:\/\/www.emiliepinelcaron.com\/wp-content\/uploads\/2026\/01\/Emilie-CARON-PINE-Art6sens-07-edited-768x768.jpg 768w, https:\/\/www.emiliepinelcaron.com\/wp-content\/uploads\/2026\/01\/Emilie-CARON-PINE-Art6sens-07-edited-1536x1536.jpg 1536w, https:\/\/www.emiliepinelcaron.com\/wp-content\/uploads\/2026\/01\/Emilie-CARON-PINE-Art6sens-07-edited-2048x2048.jpg 2048w, https:\/\/www.emiliepinelcaron.com\/wp-content\/uploads\/2026\/01\/Emilie-CARON-PINE-Art6sens-07-edited-1200x1200.jpg 1200w, https:\/\/www.emiliepinelcaron.com\/wp-content\/uploads\/2026\/01\/Emilie-CARON-PINE-Art6sens-07-edited-1980x1980.jpg 1980w\" sizes=\"auto, (max-width: 2308px) 100vw, 2308px\" \/><figcaption class=\"wp-element-caption\">\u00a9 Art6Sens<\/figcaption><\/figure>\n<\/div>\n\n\n<h3 class=\"wp-block-heading has-text-align-center\">Conf\u00e9rence : Ma r\u00e9silience face \u00e0 l&rsquo;invisible invincible<\/h3>\n\n\n\n<div class=\"wp-block-buttons is-content-justification-center is-layout-flex wp-container-core-buttons-is-layout-16018d1d wp-block-buttons-is-layout-flex\">\n<div class=\"wp-block-button\"><a class=\"wp-block-button__link wp-element-button\" href=\"https:\/\/www.emiliepinelcaron.com\/index.php\/conference-resilience-invincible-invisible\/\">en savoir plus<\/a><\/div>\n<\/div>\n<\/div><\/div>\n<\/div>\n\n\n\n<div class=\"wp-block-column is-layout-flow wp-block-column-is-layout-flow\">\n<div class=\"wp-block-group\"><div class=\"wp-block-group__inner-container is-layout-flow wp-block-group-is-layout-flow\"><div class=\"wp-block-image\">\n<figure class=\"aligncenter size-full\"><img loading=\"lazy\" decoding=\"async\" width=\"300\" height=\"300\" src=\"https:\/\/www.emiliepinelcaron.com\/wp-content\/uploads\/2026\/01\/livre-mockup-e1767720088276-edited.png\" alt=\"\" class=\"wp-image-178\" style=\"aspect-ratio:1;object-fit:cover\" srcset=\"https:\/\/www.emiliepinelcaron.com\/wp-content\/uploads\/2026\/01\/livre-mockup-e1767720088276-edited.png 300w, https:\/\/www.emiliepinelcaron.com\/wp-content\/uploads\/2026\/01\/livre-mockup-e1767720088276-edited-150x150.png 150w\" sizes=\"auto, (max-width: 300px) 100vw, 300px\" \/><\/figure>\n<\/div>\n\n\n<h3 class=\"wp-block-heading has-text-align-center\">Mon livre : Confidences d&rsquo;une [brain] guerri\u00e8re<\/h3>\n\n\n\n<div class=\"wp-block-buttons is-content-justification-center is-layout-flex wp-container-core-buttons-is-layout-16018d1d wp-block-buttons-is-layout-flex\">\n<div class=\"wp-block-button\"><a class=\"wp-block-button__link wp-element-button\" href=\"https:\/\/www.emiliepinelcaron.com\/index.php\/mon-livre-confidences-brain-guerriere\/\">en savoir plus<\/a><\/div>\n<\/div>\n<\/div><\/div>\n<\/div>\n<\/div>\n\n\n\n<div class=\"wp-block-columns alignwide is-layout-flex wp-container-core-columns-is-layout-9d6595d7 wp-block-columns-is-layout-flex\">\n<div class=\"wp-block-column is-layout-flow wp-block-column-is-layout-flow\">\n<div class=\"wp-block-group\"><div class=\"wp-block-group__inner-container is-layout-flow wp-block-group-is-layout-flow\"><div class=\"wp-block-image\">\n<figure class=\"aligncenter size-full\"><img loading=\"lazy\" decoding=\"async\" width=\"300\" height=\"300\" src=\"http:\/\/www.emiliepinelcaron.com\/wp-content\/uploads\/2026\/01\/45DD9A3C-50A1-43DD-9061-F4DBD340E121-edited-1-scaled-e1767788188977.jpg\" alt=\"\" class=\"wp-image-182\" style=\"aspect-ratio:1;object-fit:cover\"\/><figcaption class=\"wp-element-caption\">\u00a9 Nous le podcast<\/figcaption><\/figure>\n<\/div>\n\n\n<h3 class=\"wp-block-heading has-text-align-center\">Actualit\u00e9s<\/h3>\n\n\n\n<p class=\"has-text-align-center\">Podcasts, d\u00e9dicaces, interviews, articles<\/p>\n\n\n\n<div class=\"wp-block-buttons is-content-justification-center is-layout-flex wp-container-core-buttons-is-layout-16018d1d wp-block-buttons-is-layout-flex\">\n<div class=\"wp-block-button\"><a class=\"wp-block-button__link wp-element-button\" href=\"https:\/\/www.emiliepinelcaron.com\/index.php\/actualites\/\">en savoir plus<\/a><\/div>\n<\/div>\n<\/div><\/div>\n<\/div>\n\n\n\n<div class=\"wp-block-column is-layout-flow wp-block-column-is-layout-flow\">\n<div class=\"wp-block-group\"><div class=\"wp-block-group__inner-container is-layout-flow wp-block-group-is-layout-flow\"><div class=\"wp-block-image is-style-default\">\n<figure class=\"aligncenter size-full is-resized\"><img loading=\"lazy\" decoding=\"async\" width=\"1920\" height=\"2560\" src=\"http:\/\/www.emiliepinelcaron.com\/wp-content\/uploads\/2026\/01\/IMG_6459-scaled.jpg\" alt=\"\" class=\"wp-image-275\" style=\"aspect-ratio:1;object-fit:cover;width:300px;height:auto\" srcset=\"https:\/\/www.emiliepinelcaron.com\/wp-content\/uploads\/2026\/01\/IMG_6459-scaled.jpg 1920w, https:\/\/www.emiliepinelcaron.com\/wp-content\/uploads\/2026\/01\/IMG_6459-225x300.jpg 225w, https:\/\/www.emiliepinelcaron.com\/wp-content\/uploads\/2026\/01\/IMG_6459-768x1024.jpg 768w, https:\/\/www.emiliepinelcaron.com\/wp-content\/uploads\/2026\/01\/IMG_6459-1152x1536.jpg 1152w, https:\/\/www.emiliepinelcaron.com\/wp-content\/uploads\/2026\/01\/IMG_6459-1536x2048.jpg 1536w, https:\/\/www.emiliepinelcaron.com\/wp-content\/uploads\/2026\/01\/IMG_6459-1200x1600.jpg 1200w, https:\/\/www.emiliepinelcaron.com\/wp-content\/uploads\/2026\/01\/IMG_6459-1980x2640.jpg 1980w\" sizes=\"auto, (max-width: 1920px) 100vw, 1920px\" \/><\/figure>\n<\/div>\n\n\n<h3 class=\"wp-block-heading has-text-align-center\">Patiente formatrice<\/h3>\n\n\n\n<p class=\"has-text-align-center\">\u00c9tudiante en DU Patient Formateur au parcours en soins chroniques<\/p>\n\n\n\n<div class=\"wp-block-buttons is-content-justification-center is-layout-flex wp-container-core-buttons-is-layout-16018d1d wp-block-buttons-is-layout-flex\">\n<div class=\"wp-block-button\"><a class=\"wp-block-button__link wp-element-button\" href=\"https:\/\/www.emiliepinelcaron.com\/index.php\/patiente-formatrice\/\">en savoir plus<\/a><\/div>\n<\/div>\n<\/div><\/div>\n<\/div>\n<\/div>\n\n\n\n<p><sub>*valeur atypique <\/sub><\/p>\n\n\n\n<figure class=\"wp-block-image alignfull size-full\"><img loading=\"lazy\" decoding=\"async\" width=\"1920\" height=\"867\" src=\"http:\/\/www.emiliepinelcaron.com\/wp-content\/uploads\/2026\/01\/conseil-communication-e1767707415697.jpg\" alt=\"\" class=\"wp-image-90\" srcset=\"https:\/\/www.emiliepinelcaron.com\/wp-content\/uploads\/2026\/01\/conseil-communication-e1767707415697.jpg 1920w, https:\/\/www.emiliepinelcaron.com\/wp-content\/uploads\/2026\/01\/conseil-communication-e1767707415697-300x135.jpg 300w, https:\/\/www.emiliepinelcaron.com\/wp-content\/uploads\/2026\/01\/conseil-communication-e1767707415697-1024x462.jpg 1024w, https:\/\/www.emiliepinelcaron.com\/wp-content\/uploads\/2026\/01\/conseil-communication-e1767707415697-768x347.jpg 768w, https:\/\/www.emiliepinelcaron.com\/wp-content\/uploads\/2026\/01\/conseil-communication-e1767707415697-1536x694.jpg 1536w, https:\/\/www.emiliepinelcaron.com\/wp-content\/uploads\/2026\/01\/conseil-communication-e1767707415697-1200x542.jpg 1200w\" sizes=\"auto, (max-width: 1920px) 100vw, 1920px\" \/><\/figure>\n\n\n\n<p><\/p>\n","protected":false},"excerpt":{"rendered":"<p>R\u00e9siliente &amp; invincible Alors qu&rsquo;on m&rsquo;annon\u00e7ait un diagnostic des plus sombres en 2023, la vie en a d\u00e9cid\u00e9 autrement. Ce cancer du cerveau agressif et incurable \u00e0 ce jour ne laissait aucune place \u00e0 l&rsquo;insouciance&#8230; Je suis pourtant rest\u00e9e debout et les mois et ann\u00e9es d\u00e9filent comme pour d\u00e9fier les statistiques. Suis-je une anomalie, une [&hellip;]<\/p>\n","protected":false},"author":1,"featured_media":33,"parent":0,"menu_order":0,"comment_status":"closed","ping_status":"closed","template":"templates\/template-full-width.php","meta":{"footnotes":""},"class_list":["post-8","page","type-page","status-publish","has-post-thumbnail","hentry"],"yoast_head":"<!-- This site is optimized with the Yoast SEO plugin v26.7 - https:\/\/yoast.com\/wordpress\/plugins\/seo\/ -->\n<title>Ma r\u00e9silience face \u00e0 l&#039;invincible - Emilie Pinel Caron<\/title>\n<meta name=\"description\" content=\"Ma r\u00e9silience face \u00e0 l&#039;invincible, partager mon v\u00e9cu de patiente et sensibiliser gr\u00e2ce \u00e0 mon livre, en conf\u00e9rence et en formation\" \/>\n<meta name=\"robots\" content=\"index, follow, max-snippet:-1, max-image-preview:large, max-video-preview:-1\" \/>\n<link rel=\"canonical\" href=\"http:\/\/www.emiliepinelcaron.com\/\" \/>\n<meta property=\"og:locale\" content=\"fr_FR\" \/>\n<meta property=\"og:type\" content=\"article\" \/>\n<meta property=\"og:title\" content=\"Ma r\u00e9silience face \u00e0 l&#039;invincible - Emilie Pinel Caron\" \/>\n<meta property=\"og:description\" content=\"Ma r\u00e9silience face \u00e0 l&#039;invincible, partager mon v\u00e9cu de patiente et sensibiliser gr\u00e2ce \u00e0 mon livre, en conf\u00e9rence et en formation\" \/>\n<meta property=\"og:url\" content=\"http:\/\/www.emiliepinelcaron.com\/\" \/>\n<meta property=\"og:site_name\" content=\"Emilie Pinel Caron\" \/>\n<meta property=\"article:modified_time\" content=\"2026-01-28T18:54:21+00:00\" \/>\n<meta property=\"og:image\" content=\"http:\/\/www.emiliepinelcaron.com\/wp-content\/uploads\/2026\/01\/Art6Sens-Emilie-CARON-PINEL-scaled.jpg\" \/>\n\t<meta property=\"og:image:width\" content=\"2560\" \/>\n\t<meta property=\"og:image:height\" content=\"1707\" \/>\n\t<meta property=\"og:image:type\" content=\"image\/jpeg\" \/>\n<meta name=\"twitter:card\" content=\"summary_large_image\" \/>\n<meta name=\"twitter:label1\" content=\"Dur\u00e9e de lecture estim\u00e9e\" \/>\n\t<meta name=\"twitter:data1\" content=\"3 minutes\" \/>\n<script type=\"application\/ld+json\" class=\"yoast-schema-graph\">{\"@context\":\"https:\/\/schema.org\",\"@graph\":[{\"@type\":\"WebPage\",\"@id\":\"http:\/\/www.emiliepinelcaron.com\/\",\"url\":\"http:\/\/www.emiliepinelcaron.com\/\",\"name\":\"Ma r\u00e9silience face \u00e0 l'invincible - Emilie Pinel Caron\",\"isPartOf\":{\"@id\":\"http:\/\/www.emiliepinelcaron.com\/#website\"},\"primaryImageOfPage\":{\"@id\":\"http:\/\/www.emiliepinelcaron.com\/#primaryimage\"},\"image\":{\"@id\":\"http:\/\/www.emiliepinelcaron.com\/#primaryimage\"},\"thumbnailUrl\":\"https:\/\/www.emiliepinelcaron.com\/wp-content\/uploads\/2026\/01\/Art6Sens-Emilie-CARON-PINEL-scaled.jpg\",\"datePublished\":\"2026-01-06T10:47:06+00:00\",\"dateModified\":\"2026-01-28T18:54:21+00:00\",\"description\":\"Ma r\u00e9silience face \u00e0 l'invincible, partager mon v\u00e9cu de patiente et sensibiliser gr\u00e2ce \u00e0 mon livre, en conf\u00e9rence et en formation\",\"breadcrumb\":{\"@id\":\"http:\/\/www.emiliepinelcaron.com\/#breadcrumb\"},\"inLanguage\":\"fr-FR\",\"potentialAction\":[{\"@type\":\"ReadAction\",\"target\":[\"http:\/\/www.emiliepinelcaron.com\/\"]}]},{\"@type\":\"ImageObject\",\"inLanguage\":\"fr-FR\",\"@id\":\"http:\/\/www.emiliepinelcaron.com\/#primaryimage\",\"url\":\"https:\/\/www.emiliepinelcaron.com\/wp-content\/uploads\/2026\/01\/Art6Sens-Emilie-CARON-PINEL-scaled.jpg\",\"contentUrl\":\"https:\/\/www.emiliepinelcaron.com\/wp-content\/uploads\/2026\/01\/Art6Sens-Emilie-CARON-PINEL-scaled.jpg\",\"width\":2560,\"height\":1707,\"caption\":\"\u00a9 Art6Sens\"},{\"@type\":\"BreadcrumbList\",\"@id\":\"http:\/\/www.emiliepinelcaron.com\/#breadcrumb\",\"itemListElement\":[{\"@type\":\"ListItem\",\"position\":1,\"name\":\"Accueil\",\"item\":\"http:\/\/www.emiliepinelcaron.com\/\"},{\"@type\":\"ListItem\",\"position\":2,\"name\":\"Ma r\u00e9silience face \u00e0 l&rsquo;invincible\"}]},{\"@type\":\"WebSite\",\"@id\":\"http:\/\/www.emiliepinelcaron.com\/#website\",\"url\":\"http:\/\/www.emiliepinelcaron.com\/\",\"name\":\"Emilie Pinel Caron\",\"description\":\"\",\"publisher\":{\"@id\":\"http:\/\/www.emiliepinelcaron.com\/#organization\"},\"potentialAction\":[{\"@type\":\"SearchAction\",\"target\":{\"@type\":\"EntryPoint\",\"urlTemplate\":\"http:\/\/www.emiliepinelcaron.com\/?s={search_term_string}\"},\"query-input\":{\"@type\":\"PropertyValueSpecification\",\"valueRequired\":true,\"valueName\":\"search_term_string\"}}],\"inLanguage\":\"fr-FR\"},{\"@type\":\"Organization\",\"@id\":\"http:\/\/www.emiliepinelcaron.com\/#organization\",\"name\":\"Emilie Pinel Caron\",\"url\":\"http:\/\/www.emiliepinelcaron.com\/\",\"logo\":{\"@type\":\"ImageObject\",\"inLanguage\":\"fr-FR\",\"@id\":\"http:\/\/www.emiliepinelcaron.com\/#\/schema\/logo\/image\/\",\"url\":\"https:\/\/www.emiliepinelcaron.com\/wp-content\/uploads\/2026\/01\/Capture-decran-2026-01-14-a-14.31.41-e1768397624735.png\",\"contentUrl\":\"https:\/\/www.emiliepinelcaron.com\/wp-content\/uploads\/2026\/01\/Capture-decran-2026-01-14-a-14.31.41-e1768397624735.png\",\"width\":1110,\"height\":422,\"caption\":\"Emilie Pinel Caron\"},\"image\":{\"@id\":\"http:\/\/www.emiliepinelcaron.com\/#\/schema\/logo\/image\/\"}}]}<\/script>\n<!-- \/ Yoast SEO plugin. -->","yoast_head_json":{"title":"Ma r\u00e9silience face \u00e0 l'invincible - Emilie Pinel Caron","description":"Ma r\u00e9silience face \u00e0 l'invincible, partager mon v\u00e9cu de patiente et sensibiliser gr\u00e2ce \u00e0 mon livre, en conf\u00e9rence et en formation","robots":{"index":"index","follow":"follow","max-snippet":"max-snippet:-1","max-image-preview":"max-image-preview:large","max-video-preview":"max-video-preview:-1"},"canonical":"http:\/\/www.emiliepinelcaron.com\/","og_locale":"fr_FR","og_type":"article","og_title":"Ma r\u00e9silience face \u00e0 l'invincible - Emilie Pinel Caron","og_description":"Ma r\u00e9silience face \u00e0 l'invincible, partager mon v\u00e9cu de patiente et sensibiliser gr\u00e2ce \u00e0 mon livre, en conf\u00e9rence et en formation","og_url":"http:\/\/www.emiliepinelcaron.com\/","og_site_name":"Emilie Pinel Caron","article_modified_time":"2026-01-28T18:54:21+00:00","og_image":[{"width":2560,"height":1707,"url":"http:\/\/www.emiliepinelcaron.com\/wp-content\/uploads\/2026\/01\/Art6Sens-Emilie-CARON-PINEL-scaled.jpg","type":"image\/jpeg"}],"twitter_card":"summary_large_image","twitter_misc":{"Dur\u00e9e de lecture estim\u00e9e":"3 minutes"},"schema":{"@context":"https:\/\/schema.org","@graph":[{"@type":"WebPage","@id":"http:\/\/www.emiliepinelcaron.com\/","url":"http:\/\/www.emiliepinelcaron.com\/","name":"Ma r\u00e9silience face \u00e0 l'invincible - Emilie Pinel Caron","isPartOf":{"@id":"http:\/\/www.emiliepinelcaron.com\/#website"},"primaryImageOfPage":{"@id":"http:\/\/www.emiliepinelcaron.com\/#primaryimage"},"image":{"@id":"http:\/\/www.emiliepinelcaron.com\/#primaryimage"},"thumbnailUrl":"https:\/\/www.emiliepinelcaron.com\/wp-content\/uploads\/2026\/01\/Art6Sens-Emilie-CARON-PINEL-scaled.jpg","datePublished":"2026-01-06T10:47:06+00:00","dateModified":"2026-01-28T18:54:21+00:00","description":"Ma r\u00e9silience face \u00e0 l'invincible, partager mon v\u00e9cu de patiente et sensibiliser gr\u00e2ce \u00e0 mon livre, en conf\u00e9rence et en formation","breadcrumb":{"@id":"http:\/\/www.emiliepinelcaron.com\/#breadcrumb"},"inLanguage":"fr-FR","potentialAction":[{"@type":"ReadAction","target":["http:\/\/www.emiliepinelcaron.com\/"]}]},{"@type":"ImageObject","inLanguage":"fr-FR","@id":"http:\/\/www.emiliepinelcaron.com\/#primaryimage","url":"https:\/\/www.emiliepinelcaron.com\/wp-content\/uploads\/2026\/01\/Art6Sens-Emilie-CARON-PINEL-scaled.jpg","contentUrl":"https:\/\/www.emiliepinelcaron.com\/wp-content\/uploads\/2026\/01\/Art6Sens-Emilie-CARON-PINEL-scaled.jpg","width":2560,"height":1707,"caption":"\u00a9 Art6Sens"},{"@type":"BreadcrumbList","@id":"http:\/\/www.emiliepinelcaron.com\/#breadcrumb","itemListElement":[{"@type":"ListItem","position":1,"name":"Accueil","item":"http:\/\/www.emiliepinelcaron.com\/"},{"@type":"ListItem","position":2,"name":"Ma r\u00e9silience face \u00e0 l&rsquo;invincible"}]},{"@type":"WebSite","@id":"http:\/\/www.emiliepinelcaron.com\/#website","url":"http:\/\/www.emiliepinelcaron.com\/","name":"Emilie Pinel Caron","description":"","publisher":{"@id":"http:\/\/www.emiliepinelcaron.com\/#organization"},"potentialAction":[{"@type":"SearchAction","target":{"@type":"EntryPoint","urlTemplate":"http:\/\/www.emiliepinelcaron.com\/?s={search_term_string}"},"query-input":{"@type":"PropertyValueSpecification","valueRequired":true,"valueName":"search_term_string"}}],"inLanguage":"fr-FR"},{"@type":"Organization","@id":"http:\/\/www.emiliepinelcaron.com\/#organization","name":"Emilie Pinel Caron","url":"http:\/\/www.emiliepinelcaron.com\/","logo":{"@type":"ImageObject","inLanguage":"fr-FR","@id":"http:\/\/www.emiliepinelcaron.com\/#\/schema\/logo\/image\/","url":"https:\/\/www.emiliepinelcaron.com\/wp-content\/uploads\/2026\/01\/Capture-decran-2026-01-14-a-14.31.41-e1768397624735.png","contentUrl":"https:\/\/www.emiliepinelcaron.com\/wp-content\/uploads\/2026\/01\/Capture-decran-2026-01-14-a-14.31.41-e1768397624735.png","width":1110,"height":422,"caption":"Emilie Pinel Caron"},"image":{"@id":"http:\/\/www.emiliepinelcaron.com\/#\/schema\/logo\/image\/"}}]}},"_links":{"self":[{"href":"https:\/\/www.emiliepinelcaron.com\/index.php\/wp-json\/wp\/v2\/pages\/8","targetHints":{"allow":["GET"]}}],"collection":[{"href":"https:\/\/www.emiliepinelcaron.com\/index.php\/wp-json\/wp\/v2\/pages"}],"about":[{"href":"https:\/\/www.emiliepinelcaron.com\/index.php\/wp-json\/wp\/v2\/types\/page"}],"author":[{"embeddable":true,"href":"https:\/\/www.emiliepinelcaron.com\/index.php\/wp-json\/wp\/v2\/users\/1"}],"replies":[{"embeddable":true,"href":"https:\/\/www.emiliepinelcaron.com\/index.php\/wp-json\/wp\/v2\/comments?post=8"}],"version-history":[{"count":65,"href":"https:\/\/www.emiliepinelcaron.com\/index.php\/wp-json\/wp\/v2\/pages\/8\/revisions"}],"predecessor-version":[{"id":290,"href":"https:\/\/www.emiliepinelcaron.com\/index.php\/wp-json\/wp\/v2\/pages\/8\/revisions\/290"}],"wp:featuredmedia":[{"embeddable":true,"href":"https:\/\/www.emiliepinelcaron.com\/index.php\/wp-json\/wp\/v2\/media\/33"}],"wp:attachment":[{"href":"https:\/\/www.emiliepinelcaron.com\/index.php\/wp-json\/wp\/v2\/media?parent=8"}],"curies":[{"name":"wp","href":"https:\/\/api.w.org\/{rel}","templated":true}]}}