{"id":2,"date":"2026-01-05T10:17:39","date_gmt":"2026-01-05T10:17:39","guid":{"rendered":"http:\/\/www.emiliepinelcaron.com\/?page_id=2"},"modified":"2026-01-28T18:52:49","modified_gmt":"2026-01-28T18:52:49","slug":"conference-resilience-invincible-invisible","status":"publish","type":"page","link":"https:\/\/www.emiliepinelcaron.com\/index.php\/conference-resilience-invincible-invisible\/","title":{"rendered":"Ma conf\u00e9rence : Ma r\u00e9silience face \u00e0 l&rsquo;invisible invincible"},"content":{"rendered":"\n<div class=\"wp-block-group is-nowrap is-layout-flex wp-container-core-group-is-layout-ad2f72ca wp-block-group-is-layout-flex\">\n<p> De l\u2019annonce brutale d\u2019un cancer du cerveau incurable \u00e0 une chirurgie \u00e9veill\u00e9e extraordinaire, puis \u00e0 la reconstruction quotidienne : un retour d\u2019exp\u00e9rience unique sur la r\u00e9silience dans l\u2019extr\u00eame.<br>Cette conf\u00e9rence montre comment transformer une crise radicale en levier de sens, de courage et de leadership. Elle aborde la gestion de l\u2019incertitude, la red\u00e9finition des priorit\u00e9s, et la puissance des relations humaines face \u00e0 l\u2019adversit\u00e9.<\/p>\n\n\n\n<figure class=\"wp-block-image size-large\"><img loading=\"lazy\" decoding=\"async\" width=\"1024\" height=\"731\" src=\"http:\/\/www.emiliepinelcaron.com\/wp-content\/uploads\/2026\/01\/Emilie-CARON-PINE-Art6sens-14-1024x731.jpg\" alt=\"\" class=\"wp-image-287\" srcset=\"https:\/\/www.emiliepinelcaron.com\/wp-content\/uploads\/2026\/01\/Emilie-CARON-PINE-Art6sens-14-1024x731.jpg 1024w, https:\/\/www.emiliepinelcaron.com\/wp-content\/uploads\/2026\/01\/Emilie-CARON-PINE-Art6sens-14-300x214.jpg 300w, https:\/\/www.emiliepinelcaron.com\/wp-content\/uploads\/2026\/01\/Emilie-CARON-PINE-Art6sens-14-768x549.jpg 768w, https:\/\/www.emiliepinelcaron.com\/wp-content\/uploads\/2026\/01\/Emilie-CARON-PINE-Art6sens-14-1536x1097.jpg 1536w, https:\/\/www.emiliepinelcaron.com\/wp-content\/uploads\/2026\/01\/Emilie-CARON-PINE-Art6sens-14-2048x1463.jpg 2048w, https:\/\/www.emiliepinelcaron.com\/wp-content\/uploads\/2026\/01\/Emilie-CARON-PINE-Art6sens-14-1200x857.jpg 1200w, https:\/\/www.emiliepinelcaron.com\/wp-content\/uploads\/2026\/01\/Emilie-CARON-PINE-Art6sens-14-1980x1414.jpg 1980w\" sizes=\"auto, (max-width: 1024px) 100vw, 1024px\" \/><figcaption class=\"wp-element-caption\">\u00a9 Art6Sens<\/figcaption><\/figure>\n<\/div>\n\n\n\n<blockquote class=\"wp-block-quote is-style-plain is-layout-flow wp-block-quote-is-layout-flow\">\n<h5 class=\"wp-block-heading\">Vous cherchez une <strong>intervention authentique<\/strong> et directement applicable \u00e0 vos enjeux de management ?<\/h5>\n<\/blockquote>\n\n\n\n<p>Formats disponibles :<\/p>\n\n\n\n<blockquote class=\"wp-block-quote is-layout-flow wp-block-quote-is-layout-flow\">\n<p>Conf\u00e9rence t\u00e9moignage (15 min) + Questions\/R\u00e9ponses<br>Table ronde t\u00e9moignage + Questions\/R\u00e9ponses<br>Signature livre et \u00e9change privil\u00e9gi\u00e9<\/p>\n<\/blockquote>\n\n\n\n<p>Contactez-moi directement par e-mail ou par t\u00e9l\u00e9phone pour toute demande de tarif et de disponibilit\u00e9.<\/p>\n\n\n\n<div class=\"wp-block-buttons is-content-justification-center is-layout-flex wp-container-core-buttons-is-layout-16018d1d wp-block-buttons-is-layout-flex\">\n<div class=\"wp-block-button\"><a class=\"wp-block-button__link has-text-align-center wp-element-button\" href=\"https:\/\/www.emiliepinelcaron.com\/index.php\/contact\/\">r\u00e9server une conf\u00e9rence<\/a><\/div>\n<\/div>\n","protected":false},"excerpt":{"rendered":"<p>De l\u2019annonce brutale d\u2019un cancer du cerveau incurable \u00e0 une chirurgie \u00e9veill\u00e9e extraordinaire, puis \u00e0 la reconstruction quotidienne : un retour d\u2019exp\u00e9rience unique sur la r\u00e9silience dans l\u2019extr\u00eame.Cette conf\u00e9rence montre comment transformer une crise radicale en levier de sens, de courage et de leadership. Elle aborde la gestion de l\u2019incertitude, la red\u00e9finition des priorit\u00e9s, et [&hellip;]<\/p>\n","protected":false},"author":1,"featured_media":284,"parent":0,"menu_order":0,"comment_status":"closed","ping_status":"open","template":"templates\/template-full-width.php","meta":{"footnotes":""},"class_list":["post-2","page","type-page","status-publish","has-post-thumbnail","hentry"],"yoast_head":"<!-- This site is optimized with the Yoast SEO plugin v26.7 - https:\/\/yoast.com\/wordpress\/plugins\/seo\/ -->\n<title>Ma conf\u00e9rence : Ma r\u00e9silience face \u00e0 l&#039;invisible invincible - Emilie Pinel Caron<\/title>\n<meta name=\"description\" content=\"Je vous propose ma conf\u00e9rence &quot;ma r\u00e9silience face \u00e0 l&#039;invincible invisible&quot;, une intervention authentique pour animer vos \u00e9v\u00e9nements\" \/>\n<meta name=\"robots\" content=\"index, follow, max-snippet:-1, max-image-preview:large, max-video-preview:-1\" \/>\n<link rel=\"canonical\" href=\"https:\/\/www.emiliepinelcaron.com\/index.php\/conference-resilience-invincible-invisible\/\" \/>\n<meta property=\"og:locale\" content=\"fr_FR\" \/>\n<meta property=\"og:type\" content=\"article\" \/>\n<meta property=\"og:title\" content=\"Ma conf\u00e9rence : Ma r\u00e9silience face \u00e0 l&#039;invisible invincible - Emilie Pinel Caron\" \/>\n<meta property=\"og:description\" content=\"Je vous propose ma conf\u00e9rence &quot;ma r\u00e9silience face \u00e0 l&#039;invincible invisible&quot;, une intervention authentique pour animer vos \u00e9v\u00e9nements\" \/>\n<meta property=\"og:url\" content=\"https:\/\/www.emiliepinelcaron.com\/index.php\/conference-resilience-invincible-invisible\/\" \/>\n<meta property=\"og:site_name\" content=\"Emilie Pinel Caron\" \/>\n<meta property=\"article:modified_time\" content=\"2026-01-28T18:52:49+00:00\" \/>\n<meta property=\"og:image\" content=\"https:\/\/www.emiliepinelcaron.com\/wp-content\/uploads\/2026\/01\/Emilie-CARON-PINE-Art6sens-05-scaled.jpg\" \/>\n\t<meta property=\"og:image:width\" content=\"2560\" \/>\n\t<meta property=\"og:image:height\" content=\"1828\" \/>\n\t<meta property=\"og:image:type\" content=\"image\/jpeg\" \/>\n<meta name=\"twitter:card\" content=\"summary_large_image\" \/>\n<meta name=\"twitter:label1\" content=\"Dur\u00e9e de lecture estim\u00e9e\" \/>\n\t<meta name=\"twitter:data1\" content=\"1 minute\" \/>\n<script type=\"application\/ld+json\" class=\"yoast-schema-graph\">{\"@context\":\"https:\/\/schema.org\",\"@graph\":[{\"@type\":\"WebPage\",\"@id\":\"https:\/\/www.emiliepinelcaron.com\/index.php\/conference-resilience-invincible-invisible\/\",\"url\":\"https:\/\/www.emiliepinelcaron.com\/index.php\/conference-resilience-invincible-invisible\/\",\"name\":\"Ma conf\u00e9rence : Ma r\u00e9silience face \u00e0 l'invisible invincible - Emilie Pinel Caron\",\"isPartOf\":{\"@id\":\"http:\/\/www.emiliepinelcaron.com\/#website\"},\"primaryImageOfPage\":{\"@id\":\"https:\/\/www.emiliepinelcaron.com\/index.php\/conference-resilience-invincible-invisible\/#primaryimage\"},\"image\":{\"@id\":\"https:\/\/www.emiliepinelcaron.com\/index.php\/conference-resilience-invincible-invisible\/#primaryimage\"},\"thumbnailUrl\":\"https:\/\/www.emiliepinelcaron.com\/wp-content\/uploads\/2026\/01\/Emilie-CARON-PINE-Art6sens-05-scaled.jpg\",\"datePublished\":\"2026-01-05T10:17:39+00:00\",\"dateModified\":\"2026-01-28T18:52:49+00:00\",\"description\":\"Je vous propose ma conf\u00e9rence \\\"ma r\u00e9silience face \u00e0 l'invincible invisible\\\", une intervention authentique pour animer vos \u00e9v\u00e9nements\",\"breadcrumb\":{\"@id\":\"https:\/\/www.emiliepinelcaron.com\/index.php\/conference-resilience-invincible-invisible\/#breadcrumb\"},\"inLanguage\":\"fr-FR\",\"potentialAction\":[{\"@type\":\"ReadAction\",\"target\":[\"https:\/\/www.emiliepinelcaron.com\/index.php\/conference-resilience-invincible-invisible\/\"]}]},{\"@type\":\"ImageObject\",\"inLanguage\":\"fr-FR\",\"@id\":\"https:\/\/www.emiliepinelcaron.com\/index.php\/conference-resilience-invincible-invisible\/#primaryimage\",\"url\":\"https:\/\/www.emiliepinelcaron.com\/wp-content\/uploads\/2026\/01\/Emilie-CARON-PINE-Art6sens-05-scaled.jpg\",\"contentUrl\":\"https:\/\/www.emiliepinelcaron.com\/wp-content\/uploads\/2026\/01\/Emilie-CARON-PINE-Art6sens-05-scaled.jpg\",\"width\":2560,\"height\":1828,\"caption\":\"\u00a9 Art6Sens\"},{\"@type\":\"BreadcrumbList\",\"@id\":\"https:\/\/www.emiliepinelcaron.com\/index.php\/conference-resilience-invincible-invisible\/#breadcrumb\",\"itemListElement\":[{\"@type\":\"ListItem\",\"position\":1,\"name\":\"Accueil\",\"item\":\"http:\/\/www.emiliepinelcaron.com\/\"},{\"@type\":\"ListItem\",\"position\":2,\"name\":\"Ma conf\u00e9rence : Ma r\u00e9silience face \u00e0 l&rsquo;invisible invincible\"}]},{\"@type\":\"WebSite\",\"@id\":\"http:\/\/www.emiliepinelcaron.com\/#website\",\"url\":\"http:\/\/www.emiliepinelcaron.com\/\",\"name\":\"Emilie Pinel Caron\",\"description\":\"\",\"publisher\":{\"@id\":\"http:\/\/www.emiliepinelcaron.com\/#organization\"},\"potentialAction\":[{\"@type\":\"SearchAction\",\"target\":{\"@type\":\"EntryPoint\",\"urlTemplate\":\"http:\/\/www.emiliepinelcaron.com\/?s={search_term_string}\"},\"query-input\":{\"@type\":\"PropertyValueSpecification\",\"valueRequired\":true,\"valueName\":\"search_term_string\"}}],\"inLanguage\":\"fr-FR\"},{\"@type\":\"Organization\",\"@id\":\"http:\/\/www.emiliepinelcaron.com\/#organization\",\"name\":\"Emilie Pinel Caron\",\"url\":\"http:\/\/www.emiliepinelcaron.com\/\",\"logo\":{\"@type\":\"ImageObject\",\"inLanguage\":\"fr-FR\",\"@id\":\"http:\/\/www.emiliepinelcaron.com\/#\/schema\/logo\/image\/\",\"url\":\"https:\/\/www.emiliepinelcaron.com\/wp-content\/uploads\/2026\/01\/Capture-decran-2026-01-14-a-14.31.41-e1768397624735.png\",\"contentUrl\":\"https:\/\/www.emiliepinelcaron.com\/wp-content\/uploads\/2026\/01\/Capture-decran-2026-01-14-a-14.31.41-e1768397624735.png\",\"width\":1110,\"height\":422,\"caption\":\"Emilie Pinel Caron\"},\"image\":{\"@id\":\"http:\/\/www.emiliepinelcaron.com\/#\/schema\/logo\/image\/\"}}]}<\/script>\n<!-- \/ Yoast SEO plugin. -->","yoast_head_json":{"title":"Ma conf\u00e9rence : Ma r\u00e9silience face \u00e0 l'invisible invincible - Emilie Pinel Caron","description":"Je vous propose ma conf\u00e9rence \"ma r\u00e9silience face \u00e0 l'invincible invisible\", une intervention authentique pour animer vos \u00e9v\u00e9nements","robots":{"index":"index","follow":"follow","max-snippet":"max-snippet:-1","max-image-preview":"max-image-preview:large","max-video-preview":"max-video-preview:-1"},"canonical":"https:\/\/www.emiliepinelcaron.com\/index.php\/conference-resilience-invincible-invisible\/","og_locale":"fr_FR","og_type":"article","og_title":"Ma conf\u00e9rence : Ma r\u00e9silience face \u00e0 l'invisible invincible - Emilie Pinel Caron","og_description":"Je vous propose ma conf\u00e9rence \"ma r\u00e9silience face \u00e0 l'invincible invisible\", une intervention authentique pour animer vos \u00e9v\u00e9nements","og_url":"https:\/\/www.emiliepinelcaron.com\/index.php\/conference-resilience-invincible-invisible\/","og_site_name":"Emilie Pinel Caron","article_modified_time":"2026-01-28T18:52:49+00:00","og_image":[{"width":2560,"height":1828,"url":"https:\/\/www.emiliepinelcaron.com\/wp-content\/uploads\/2026\/01\/Emilie-CARON-PINE-Art6sens-05-scaled.jpg","type":"image\/jpeg"}],"twitter_card":"summary_large_image","twitter_misc":{"Dur\u00e9e de lecture estim\u00e9e":"1 minute"},"schema":{"@context":"https:\/\/schema.org","@graph":[{"@type":"WebPage","@id":"https:\/\/www.emiliepinelcaron.com\/index.php\/conference-resilience-invincible-invisible\/","url":"https:\/\/www.emiliepinelcaron.com\/index.php\/conference-resilience-invincible-invisible\/","name":"Ma conf\u00e9rence : Ma r\u00e9silience face \u00e0 l'invisible invincible - Emilie Pinel Caron","isPartOf":{"@id":"http:\/\/www.emiliepinelcaron.com\/#website"},"primaryImageOfPage":{"@id":"https:\/\/www.emiliepinelcaron.com\/index.php\/conference-resilience-invincible-invisible\/#primaryimage"},"image":{"@id":"https:\/\/www.emiliepinelcaron.com\/index.php\/conference-resilience-invincible-invisible\/#primaryimage"},"thumbnailUrl":"https:\/\/www.emiliepinelcaron.com\/wp-content\/uploads\/2026\/01\/Emilie-CARON-PINE-Art6sens-05-scaled.jpg","datePublished":"2026-01-05T10:17:39+00:00","dateModified":"2026-01-28T18:52:49+00:00","description":"Je vous propose ma conf\u00e9rence \"ma r\u00e9silience face \u00e0 l'invincible invisible\", une intervention authentique pour animer vos \u00e9v\u00e9nements","breadcrumb":{"@id":"https:\/\/www.emiliepinelcaron.com\/index.php\/conference-resilience-invincible-invisible\/#breadcrumb"},"inLanguage":"fr-FR","potentialAction":[{"@type":"ReadAction","target":["https:\/\/www.emiliepinelcaron.com\/index.php\/conference-resilience-invincible-invisible\/"]}]},{"@type":"ImageObject","inLanguage":"fr-FR","@id":"https:\/\/www.emiliepinelcaron.com\/index.php\/conference-resilience-invincible-invisible\/#primaryimage","url":"https:\/\/www.emiliepinelcaron.com\/wp-content\/uploads\/2026\/01\/Emilie-CARON-PINE-Art6sens-05-scaled.jpg","contentUrl":"https:\/\/www.emiliepinelcaron.com\/wp-content\/uploads\/2026\/01\/Emilie-CARON-PINE-Art6sens-05-scaled.jpg","width":2560,"height":1828,"caption":"\u00a9 Art6Sens"},{"@type":"BreadcrumbList","@id":"https:\/\/www.emiliepinelcaron.com\/index.php\/conference-resilience-invincible-invisible\/#breadcrumb","itemListElement":[{"@type":"ListItem","position":1,"name":"Accueil","item":"http:\/\/www.emiliepinelcaron.com\/"},{"@type":"ListItem","position":2,"name":"Ma conf\u00e9rence : Ma r\u00e9silience face \u00e0 l&rsquo;invisible invincible"}]},{"@type":"WebSite","@id":"http:\/\/www.emiliepinelcaron.com\/#website","url":"http:\/\/www.emiliepinelcaron.com\/","name":"Emilie Pinel Caron","description":"","publisher":{"@id":"http:\/\/www.emiliepinelcaron.com\/#organization"},"potentialAction":[{"@type":"SearchAction","target":{"@type":"EntryPoint","urlTemplate":"http:\/\/www.emiliepinelcaron.com\/?s={search_term_string}"},"query-input":{"@type":"PropertyValueSpecification","valueRequired":true,"valueName":"search_term_string"}}],"inLanguage":"fr-FR"},{"@type":"Organization","@id":"http:\/\/www.emiliepinelcaron.com\/#organization","name":"Emilie Pinel Caron","url":"http:\/\/www.emiliepinelcaron.com\/","logo":{"@type":"ImageObject","inLanguage":"fr-FR","@id":"http:\/\/www.emiliepinelcaron.com\/#\/schema\/logo\/image\/","url":"https:\/\/www.emiliepinelcaron.com\/wp-content\/uploads\/2026\/01\/Capture-decran-2026-01-14-a-14.31.41-e1768397624735.png","contentUrl":"https:\/\/www.emiliepinelcaron.com\/wp-content\/uploads\/2026\/01\/Capture-decran-2026-01-14-a-14.31.41-e1768397624735.png","width":1110,"height":422,"caption":"Emilie Pinel Caron"},"image":{"@id":"http:\/\/www.emiliepinelcaron.com\/#\/schema\/logo\/image\/"}}]}},"_links":{"self":[{"href":"https:\/\/www.emiliepinelcaron.com\/index.php\/wp-json\/wp\/v2\/pages\/2","targetHints":{"allow":["GET"]}}],"collection":[{"href":"https:\/\/www.emiliepinelcaron.com\/index.php\/wp-json\/wp\/v2\/pages"}],"about":[{"href":"https:\/\/www.emiliepinelcaron.com\/index.php\/wp-json\/wp\/v2\/types\/page"}],"author":[{"embeddable":true,"href":"https:\/\/www.emiliepinelcaron.com\/index.php\/wp-json\/wp\/v2\/users\/1"}],"replies":[{"embeddable":true,"href":"https:\/\/www.emiliepinelcaron.com\/index.php\/wp-json\/wp\/v2\/comments?post=2"}],"version-history":[{"count":7,"href":"https:\/\/www.emiliepinelcaron.com\/index.php\/wp-json\/wp\/v2\/pages\/2\/revisions"}],"predecessor-version":[{"id":288,"href":"https:\/\/www.emiliepinelcaron.com\/index.php\/wp-json\/wp\/v2\/pages\/2\/revisions\/288"}],"wp:featuredmedia":[{"embeddable":true,"href":"https:\/\/www.emiliepinelcaron.com\/index.php\/wp-json\/wp\/v2\/media\/284"}],"wp:attachment":[{"href":"https:\/\/www.emiliepinelcaron.com\/index.php\/wp-json\/wp\/v2\/media?parent=2"}],"curies":[{"name":"wp","href":"https:\/\/api.w.org\/{rel}","templated":true}]}}