{"id":10,"date":"2026-01-06T10:47:06","date_gmt":"2026-01-06T10:47:06","guid":{"rendered":"http:\/\/www.emiliepinelcaron.com\/?page_id=10"},"modified":"2026-01-20T08:30:38","modified_gmt":"2026-01-20T08:30:38","slug":"contact","status":"publish","type":"page","link":"https:\/\/www.emiliepinelcaron.com\/index.php\/contact\/","title":{"rendered":"Contact"},"content":{"rendered":"\n<div class=\"wp-block-columns is-layout-flex wp-container-core-columns-is-layout-9d6595d7 wp-block-columns-is-layout-flex\">\n<div class=\"wp-block-column is-vertically-aligned-center is-layout-flow wp-block-column-is-layout-flow\" style=\"flex-basis:50%\">\n<figure class=\"wp-block-image size-large\"><img loading=\"lazy\" decoding=\"async\" width=\"1024\" height=\"1024\" src=\"http:\/\/www.emiliepinelcaron.com\/wp-content\/uploads\/2026\/01\/IMG_5899-1024x1024.jpg\" alt=\"\" class=\"wp-image-34\" style=\"aspect-ratio:1;object-fit:cover\"\/><figcaption class=\"wp-element-caption\">\u00a9 Art6Sens<\/figcaption><\/figure>\n<\/div>\n\n\n\n<div class=\"wp-block-column is-vertically-aligned-center is-layout-flow wp-block-column-is-layout-flow\" style=\"flex-basis:50%\">\n<p>Une simple demande d\u2019informations ou un projet d\u00e9j\u00e0 en t\u00eate <\/p>\n\n\n\n<p><a href=\"https:\/\/www.emiliepinelcaron.com\/index.php\/conference-resilience-invincible-invisible\/\">Conf\u00e9rence, t\u00e9moignage, table ronde,<\/a> <a href=\"https:\/\/www.emiliepinelcaron.com\/index.php\/mon-livre-confidences-brain-guerriere\/\">d\u00e9dicace<\/a>&#8230; <br>Rencontrons-nous autour d\u2019un caf\u00e9 ou d\u2019un th\u00e9 pour \u00e9changer.<\/p>\n\n\n\n<h5 class=\"wp-block-heading\">\u00c9milie Pinel Caron<\/h5>\n\n\n\n<p>T\u00e9l :&nbsp;06 30 63 30 44<\/p>\n\n\n\n<div class=\"wp-block-buttons is-content-justification-center is-layout-flex wp-container-core-buttons-is-layout-16018d1d wp-block-buttons-is-layout-flex\">\n<div class=\"wp-block-button\"><a class=\"wp-block-button__link has-text-align-center wp-element-button\" href=\"mailto:smile@emiliepinelcaron.com\" target=\"_blank\" rel=\"noreferrer noopener\">contactez-moi<\/a><\/div>\n<\/div>\n<\/div>\n<\/div>\n\n\n\n<div class=\"wp-block-group is-nowrap is-layout-flex wp-container-core-group-is-layout-ad2f72ca wp-block-group-is-layout-flex\">\n<p><a href=\"https:\/\/desetoilesdanslamer-vaincreleglioblastome.fr\" target=\"_blank\" rel=\"noreferrer noopener\">Association Des \u00e9toiles dans la mer<\/a><br>Des \u00e9toiles dans la mer est une association visant \u00e0 financer la recherche m\u00e9dicale, soutenir les familles et sensibiliser le grand public sur le glioblastome, une tumeur c\u00e9r\u00e9brale agressive<br><br>R\u00e9f\u00e9rente d\u00e9partement de la Gironde\u00a0<br><a href=\"mailto:girondedesetoilesdanslamer@gmail.com\" target=\"_blank\" rel=\"noreferrer noopener\">girondedesetoilesdanslamer@gmail.com<\/a><\/p>\n\n\n\n<figure class=\"wp-block-image size-full\"><img loading=\"lazy\" decoding=\"async\" width=\"200\" height=\"178\" src=\"http:\/\/www.emiliepinelcaron.com\/wp-content\/uploads\/2026\/01\/1.1_LOGO_DEDLM_BLEU_MARINEVERSION_COMPLETE-e1768895084397.png\" alt=\"\" class=\"wp-image-240\"\/><\/figure>\n<\/div>\n\n\n\n<p class=\"has-text-align-center\"><\/p>\n\n\n\n<p><\/p>\n","protected":false},"excerpt":{"rendered":"<p>Une simple demande d\u2019informations ou un projet d\u00e9j\u00e0 en t\u00eate Conf\u00e9rence, t\u00e9moignage, table ronde, d\u00e9dicace&#8230; Rencontrons-nous autour d\u2019un caf\u00e9 ou d\u2019un th\u00e9 pour \u00e9changer. \u00c9milie Pinel Caron T\u00e9l :&nbsp;06 30 63 30 44 Association Des \u00e9toiles dans la merDes \u00e9toiles dans la mer est une association visant \u00e0 financer la recherche m\u00e9dicale, soutenir les familles [&hellip;]<\/p>\n","protected":false},"author":1,"featured_media":0,"parent":0,"menu_order":0,"comment_status":"closed","ping_status":"closed","template":"templates\/template-full-width.php","meta":{"footnotes":""},"class_list":["post-10","page","type-page","status-publish","hentry"],"yoast_head":"<!-- This site is optimized with the Yoast SEO plugin v26.7 - https:\/\/yoast.com\/wordpress\/plugins\/seo\/ -->\n<title>Contact - Emilie Pinel Caron<\/title>\n<meta name=\"description\" content=\"Contacter \u00c9milie Pinel Caron poour r\u00e9server une conf\u00e9rence ou acheter son livre\" \/>\n<meta name=\"robots\" content=\"index, follow, max-snippet:-1, max-image-preview:large, max-video-preview:-1\" \/>\n<link rel=\"canonical\" href=\"https:\/\/www.emiliepinelcaron.com\/index.php\/contact\/\" \/>\n<meta property=\"og:locale\" content=\"fr_FR\" \/>\n<meta property=\"og:type\" content=\"article\" \/>\n<meta property=\"og:title\" content=\"Contact - Emilie Pinel Caron\" \/>\n<meta property=\"og:description\" content=\"Contacter \u00c9milie Pinel Caron poour r\u00e9server une conf\u00e9rence ou acheter son livre\" \/>\n<meta property=\"og:url\" content=\"https:\/\/www.emiliepinelcaron.com\/index.php\/contact\/\" \/>\n<meta property=\"og:site_name\" content=\"Emilie Pinel Caron\" \/>\n<meta property=\"article:modified_time\" content=\"2026-01-20T08:30:38+00:00\" \/>\n<meta property=\"og:image\" content=\"http:\/\/www.emiliepinelcaron.com\/wp-content\/uploads\/2026\/01\/IMG_5899-1024x1024.jpg\" \/>\n<meta name=\"twitter:card\" content=\"summary_large_image\" \/>\n<meta name=\"twitter:label1\" content=\"Dur\u00e9e de lecture estim\u00e9e\" \/>\n\t<meta name=\"twitter:data1\" content=\"1 minute\" \/>\n<script type=\"application\/ld+json\" class=\"yoast-schema-graph\">{\"@context\":\"https:\/\/schema.org\",\"@graph\":[{\"@type\":\"WebPage\",\"@id\":\"https:\/\/www.emiliepinelcaron.com\/index.php\/contact\/\",\"url\":\"https:\/\/www.emiliepinelcaron.com\/index.php\/contact\/\",\"name\":\"Contact - Emilie Pinel Caron\",\"isPartOf\":{\"@id\":\"https:\/\/www.emiliepinelcaron.com\/#website\"},\"primaryImageOfPage\":{\"@id\":\"https:\/\/www.emiliepinelcaron.com\/index.php\/contact\/#primaryimage\"},\"image\":{\"@id\":\"https:\/\/www.emiliepinelcaron.com\/index.php\/contact\/#primaryimage\"},\"thumbnailUrl\":\"http:\/\/www.emiliepinelcaron.com\/wp-content\/uploads\/2026\/01\/IMG_5899-1024x1024.jpg\",\"datePublished\":\"2026-01-06T10:47:06+00:00\",\"dateModified\":\"2026-01-20T08:30:38+00:00\",\"description\":\"Contacter \u00c9milie Pinel Caron poour r\u00e9server une conf\u00e9rence ou acheter son livre\",\"breadcrumb\":{\"@id\":\"https:\/\/www.emiliepinelcaron.com\/index.php\/contact\/#breadcrumb\"},\"inLanguage\":\"fr-FR\",\"potentialAction\":[{\"@type\":\"ReadAction\",\"target\":[\"https:\/\/www.emiliepinelcaron.com\/index.php\/contact\/\"]}]},{\"@type\":\"ImageObject\",\"inLanguage\":\"fr-FR\",\"@id\":\"https:\/\/www.emiliepinelcaron.com\/index.php\/contact\/#primaryimage\",\"url\":\"https:\/\/www.emiliepinelcaron.com\/wp-content\/uploads\/2026\/01\/IMG_5899-scaled-e1767707458960.jpg\",\"contentUrl\":\"https:\/\/www.emiliepinelcaron.com\/wp-content\/uploads\/2026\/01\/IMG_5899-scaled-e1767707458960.jpg\",\"width\":300,\"height\":300,\"caption\":\"\u00a9 Art6Sens\"},{\"@type\":\"BreadcrumbList\",\"@id\":\"https:\/\/www.emiliepinelcaron.com\/index.php\/contact\/#breadcrumb\",\"itemListElement\":[{\"@type\":\"ListItem\",\"position\":1,\"name\":\"Accueil\",\"item\":\"https:\/\/www.emiliepinelcaron.com\/\"},{\"@type\":\"ListItem\",\"position\":2,\"name\":\"Contact\"}]},{\"@type\":\"WebSite\",\"@id\":\"https:\/\/www.emiliepinelcaron.com\/#website\",\"url\":\"https:\/\/www.emiliepinelcaron.com\/\",\"name\":\"Emilie Pinel Caron\",\"description\":\"\",\"publisher\":{\"@id\":\"https:\/\/www.emiliepinelcaron.com\/#organization\"},\"potentialAction\":[{\"@type\":\"SearchAction\",\"target\":{\"@type\":\"EntryPoint\",\"urlTemplate\":\"https:\/\/www.emiliepinelcaron.com\/?s={search_term_string}\"},\"query-input\":{\"@type\":\"PropertyValueSpecification\",\"valueRequired\":true,\"valueName\":\"search_term_string\"}}],\"inLanguage\":\"fr-FR\"},{\"@type\":\"Organization\",\"@id\":\"https:\/\/www.emiliepinelcaron.com\/#organization\",\"name\":\"Emilie Pinel Caron\",\"url\":\"https:\/\/www.emiliepinelcaron.com\/\",\"logo\":{\"@type\":\"ImageObject\",\"inLanguage\":\"fr-FR\",\"@id\":\"https:\/\/www.emiliepinelcaron.com\/#\/schema\/logo\/image\/\",\"url\":\"https:\/\/www.emiliepinelcaron.com\/wp-content\/uploads\/2026\/01\/Capture-decran-2026-01-14-a-14.31.41-e1768397624735.png\",\"contentUrl\":\"https:\/\/www.emiliepinelcaron.com\/wp-content\/uploads\/2026\/01\/Capture-decran-2026-01-14-a-14.31.41-e1768397624735.png\",\"width\":1110,\"height\":422,\"caption\":\"Emilie Pinel Caron\"},\"image\":{\"@id\":\"https:\/\/www.emiliepinelcaron.com\/#\/schema\/logo\/image\/\"}}]}<\/script>\n<!-- \/ Yoast SEO plugin. -->","yoast_head_json":{"title":"Contact - Emilie Pinel Caron","description":"Contacter \u00c9milie Pinel Caron poour r\u00e9server une conf\u00e9rence ou acheter son livre","robots":{"index":"index","follow":"follow","max-snippet":"max-snippet:-1","max-image-preview":"max-image-preview:large","max-video-preview":"max-video-preview:-1"},"canonical":"https:\/\/www.emiliepinelcaron.com\/index.php\/contact\/","og_locale":"fr_FR","og_type":"article","og_title":"Contact - Emilie Pinel Caron","og_description":"Contacter \u00c9milie Pinel Caron poour r\u00e9server une conf\u00e9rence ou acheter son livre","og_url":"https:\/\/www.emiliepinelcaron.com\/index.php\/contact\/","og_site_name":"Emilie Pinel Caron","article_modified_time":"2026-01-20T08:30:38+00:00","og_image":[{"url":"http:\/\/www.emiliepinelcaron.com\/wp-content\/uploads\/2026\/01\/IMG_5899-1024x1024.jpg","type":"","width":"","height":""}],"twitter_card":"summary_large_image","twitter_misc":{"Dur\u00e9e de lecture estim\u00e9e":"1 minute"},"schema":{"@context":"https:\/\/schema.org","@graph":[{"@type":"WebPage","@id":"https:\/\/www.emiliepinelcaron.com\/index.php\/contact\/","url":"https:\/\/www.emiliepinelcaron.com\/index.php\/contact\/","name":"Contact - Emilie Pinel Caron","isPartOf":{"@id":"https:\/\/www.emiliepinelcaron.com\/#website"},"primaryImageOfPage":{"@id":"https:\/\/www.emiliepinelcaron.com\/index.php\/contact\/#primaryimage"},"image":{"@id":"https:\/\/www.emiliepinelcaron.com\/index.php\/contact\/#primaryimage"},"thumbnailUrl":"http:\/\/www.emiliepinelcaron.com\/wp-content\/uploads\/2026\/01\/IMG_5899-1024x1024.jpg","datePublished":"2026-01-06T10:47:06+00:00","dateModified":"2026-01-20T08:30:38+00:00","description":"Contacter \u00c9milie Pinel Caron poour r\u00e9server une conf\u00e9rence ou acheter son livre","breadcrumb":{"@id":"https:\/\/www.emiliepinelcaron.com\/index.php\/contact\/#breadcrumb"},"inLanguage":"fr-FR","potentialAction":[{"@type":"ReadAction","target":["https:\/\/www.emiliepinelcaron.com\/index.php\/contact\/"]}]},{"@type":"ImageObject","inLanguage":"fr-FR","@id":"https:\/\/www.emiliepinelcaron.com\/index.php\/contact\/#primaryimage","url":"https:\/\/www.emiliepinelcaron.com\/wp-content\/uploads\/2026\/01\/IMG_5899-scaled-e1767707458960.jpg","contentUrl":"https:\/\/www.emiliepinelcaron.com\/wp-content\/uploads\/2026\/01\/IMG_5899-scaled-e1767707458960.jpg","width":300,"height":300,"caption":"\u00a9 Art6Sens"},{"@type":"BreadcrumbList","@id":"https:\/\/www.emiliepinelcaron.com\/index.php\/contact\/#breadcrumb","itemListElement":[{"@type":"ListItem","position":1,"name":"Accueil","item":"https:\/\/www.emiliepinelcaron.com\/"},{"@type":"ListItem","position":2,"name":"Contact"}]},{"@type":"WebSite","@id":"https:\/\/www.emiliepinelcaron.com\/#website","url":"https:\/\/www.emiliepinelcaron.com\/","name":"Emilie Pinel Caron","description":"","publisher":{"@id":"https:\/\/www.emiliepinelcaron.com\/#organization"},"potentialAction":[{"@type":"SearchAction","target":{"@type":"EntryPoint","urlTemplate":"https:\/\/www.emiliepinelcaron.com\/?s={search_term_string}"},"query-input":{"@type":"PropertyValueSpecification","valueRequired":true,"valueName":"search_term_string"}}],"inLanguage":"fr-FR"},{"@type":"Organization","@id":"https:\/\/www.emiliepinelcaron.com\/#organization","name":"Emilie Pinel Caron","url":"https:\/\/www.emiliepinelcaron.com\/","logo":{"@type":"ImageObject","inLanguage":"fr-FR","@id":"https:\/\/www.emiliepinelcaron.com\/#\/schema\/logo\/image\/","url":"https:\/\/www.emiliepinelcaron.com\/wp-content\/uploads\/2026\/01\/Capture-decran-2026-01-14-a-14.31.41-e1768397624735.png","contentUrl":"https:\/\/www.emiliepinelcaron.com\/wp-content\/uploads\/2026\/01\/Capture-decran-2026-01-14-a-14.31.41-e1768397624735.png","width":1110,"height":422,"caption":"Emilie Pinel Caron"},"image":{"@id":"https:\/\/www.emiliepinelcaron.com\/#\/schema\/logo\/image\/"}}]}},"_links":{"self":[{"href":"https:\/\/www.emiliepinelcaron.com\/index.php\/wp-json\/wp\/v2\/pages\/10","targetHints":{"allow":["GET"]}}],"collection":[{"href":"https:\/\/www.emiliepinelcaron.com\/index.php\/wp-json\/wp\/v2\/pages"}],"about":[{"href":"https:\/\/www.emiliepinelcaron.com\/index.php\/wp-json\/wp\/v2\/types\/page"}],"author":[{"embeddable":true,"href":"https:\/\/www.emiliepinelcaron.com\/index.php\/wp-json\/wp\/v2\/users\/1"}],"replies":[{"embeddable":true,"href":"https:\/\/www.emiliepinelcaron.com\/index.php\/wp-json\/wp\/v2\/comments?post=10"}],"version-history":[{"count":28,"href":"https:\/\/www.emiliepinelcaron.com\/index.php\/wp-json\/wp\/v2\/pages\/10\/revisions"}],"predecessor-version":[{"id":270,"href":"https:\/\/www.emiliepinelcaron.com\/index.php\/wp-json\/wp\/v2\/pages\/10\/revisions\/270"}],"wp:attachment":[{"href":"https:\/\/www.emiliepinelcaron.com\/index.php\/wp-json\/wp\/v2\/media?parent=10"}],"curies":[{"name":"wp","href":"https:\/\/api.w.org\/{rel}","templated":true}]}}